{"id":10,"date":"2021-11-08T11:23:07","date_gmt":"2021-11-08T14:23:07","guid":{"rendered":"https:\/\/immunobras.com.br\/?page_id=10"},"modified":"2021-11-08T11:32:23","modified_gmt":"2021-11-08T14:32:23","slug":"elementor-10","status":"publish","type":"page","link":"https:\/\/immunobras.com.br\/","title":{"rendered":"EM DESENVOLVIMENTO"},"content":{"rendered":"\t\t<div data-elementor-type=\"wp-page\" data-elementor-id=\"10\" class=\"elementor elementor-10\" data-elementor-settings=\"[]\">\n\t\t\t\t\t\t\t<div class=\"elementor-section-wrap\">\n\t\t\t\t\t\t\t<section class=\"elementor-section elementor-top-section elementor-element elementor-element-6de466ea elementor-section-height-full elementor-section-boxed elementor-section-height-default elementor-section-items-middle\" data-id=\"6de466ea\" data-element_type=\"section\" data-settings=\"{&quot;background_background&quot;:&quot;classic&quot;}\">\n\t\t\t\t\t\t\t<div class=\"elementor-background-overlay\"><\/div>\n\t\t\t\t\t\t\t<div class=\"elementor-container elementor-column-gap-default\">\n\t\t\t\t\t<div class=\"elementor-column elementor-col-100 elementor-top-column elementor-element elementor-element-13810d9d\" data-id=\"13810d9d\" data-element_type=\"column\">\n\t\t\t<div class=\"elementor-widget-wrap elementor-element-populated\">\n\t\t\t\t\t\t\t\t<div class=\"elementor-element elementor-element-5a62f5fb elementor-widget elementor-widget-image\" data-id=\"5a62f5fb\" data-element_type=\"widget\" data-widget_type=\"image.default\">\n\t\t\t\t<div class=\"elementor-widget-container\">\n\t\t\t\t\t\t\t\t\t\t\t\t\t\t\t<img loading=\"lazy\" decoding=\"async\" width=\"750\" height=\"151\" src=\"https:\/\/immunobras.com.br\/wp-content\/uploads\/2021\/11\/immunobras-logo-png-1024x206.png\" class=\"attachment-large size-large\" alt=\"\" srcset=\"https:\/\/immunobras.com.br\/wp-content\/uploads\/2021\/11\/immunobras-logo-png-1024x206.png 1024w, https:\/\/immunobras.com.br\/wp-content\/uploads\/2021\/11\/immunobras-logo-png-300x60.png 300w, https:\/\/immunobras.com.br\/wp-content\/uploads\/2021\/11\/immunobras-logo-png-768x155.png 768w, https:\/\/immunobras.com.br\/wp-content\/uploads\/2021\/11\/immunobras-logo-png.png 1052w\" sizes=\"(max-width: 750px) 100vw, 750px\" style=\"width:100%;height:20.15%;max-width:1052px\" \/>\t\t\t\t\t\t\t\t\t\t\t\t\t\t\t<\/div>\n\t\t\t\t<\/div>\n\t\t\t\t<div class=\"elementor-element elementor-element-5aa732a4 elementor-widget elementor-widget-heading\" data-id=\"5aa732a4\" data-element_type=\"widget\" data-widget_type=\"heading.default\">\n\t\t\t\t<div class=\"elementor-widget-container\">\n\t\t\t<h2 class=\"elementor-heading-title elementor-size-default\">Estamos em manuten\u00e7\u00e3o. Em breve novidades!\n<\/h2>\t\t<\/div>\n\t\t\t\t<\/div>\n\t\t\t\t<div class=\"elementor-element elementor-element-63592573 elementor-widget elementor-widget-heading\" data-id=\"63592573\" data-element_type=\"widget\" data-widget_type=\"heading.default\">\n\t\t\t\t<div class=\"elementor-widget-container\">\n\t\t\t<h2 class=\"elementor-heading-title elementor-size-default\">Qualquer d\u00favida, acesse <b><a href=\"https:\/\/biosave.com.br\/\">biosave.com.br<\/a><\/b> ou ligue para <b>(31) 3273-1972.<\/b><\/h2>\t\t<\/div>\n\t\t\t\t<\/div>\n\t\t\t\t\t<\/div>\n\t\t<\/div>\n\t\t\t\t\t\t\t<\/div>\n\t\t<\/section>\n\t\t\t\t\t\t<\/div>\n\t\t\t\t\t<\/div>\n\t\t","protected":false},"excerpt":{"rendered":"<p>Estamos em manuten\u00e7\u00e3o. Em breve novidades! Qualquer d\u00favida, acesse biosave.com.br ou ligue para (31) 3273-1972.<\/p>\n","protected":false},"author":1,"featured_media":0,"parent":0,"menu_order":0,"comment_status":"closed","ping_status":"closed","template":"elementor_canvas","meta":{"footnotes":""},"_links":{"self":[{"href":"https:\/\/immunobras.com.br\/index.php\/wp-json\/wp\/v2\/pages\/10"}],"collection":[{"href":"https:\/\/immunobras.com.br\/index.php\/wp-json\/wp\/v2\/pages"}],"about":[{"href":"https:\/\/immunobras.com.br\/index.php\/wp-json\/wp\/v2\/types\/page"}],"author":[{"embeddable":true,"href":"https:\/\/immunobras.com.br\/index.php\/wp-json\/wp\/v2\/users\/1"}],"replies":[{"embeddable":true,"href":"https:\/\/immunobras.com.br\/index.php\/wp-json\/wp\/v2\/comments?post=10"}],"version-history":[{"count":8,"href":"https:\/\/immunobras.com.br\/index.php\/wp-json\/wp\/v2\/pages\/10\/revisions"}],"predecessor-version":[{"id":20,"href":"https:\/\/immunobras.com.br\/index.php\/wp-json\/wp\/v2\/pages\/10\/revisions\/20"}],"wp:attachment":[{"href":"https:\/\/immunobras.com.br\/index.php\/wp-json\/wp\/v2\/media?parent=10"}],"curies":[{"name":"wp","href":"https:\/\/api.w.org\/{rel}","templated":true}]}}